{"id":891,"date":"2022-01-29T17:10:52","date_gmt":"2022-01-29T17:10:52","guid":{"rendered":"https:\/\/alpnoe.org\/?page_id=891"},"modified":"2022-02-20T19:54:42","modified_gmt":"2022-02-20T19:54:42","slug":"plattform","status":"publish","type":"page","link":"https:\/\/alpnoe.org\/en\/plattform","title":{"rendered":"Plattform, Counterweight-System und NLT-Schlitten"},"content":{"rendered":"\n<p data-block-type=\"core\"><span style=\"color: var(--stk-global-color-65914, #cfecff);\" class=\"stk-highlight\">Wir sind stolze Besitzer einer Plattform am Achensee, die wir an unserer Boje bei ca. 60m Tiefe fixieren k\u00f6nnen. In den Sommermonaten schwimmt sie beim Campingplatz Schwarzenau. Wenn uns der See zu kalt wird h\u00e4lt sie Winterschlaf am Ufer, im Fr\u00fchjahr wird sie wieder ins Wasser verfrachtet. Die Plattform bietet uns Sicherheit, besonders, da wir unser Counterweight-System darauf befestigen k\u00f6nnen. Sie ist obendrein ziemlich praktisch, weil wir nicht \u00fcberlegen m\u00fcssen welche Ausr\u00fcstung wir gerne mit raus bringen wollen. Wir nehmen einfach alles mit was wir irgendwie brauchen k\u00f6nnten  \ud83d\ude09<\/span><\/p>\n\n\n\n<div class=\"wp-block-stackable-heading stk-block-heading stk-block stk-1fca32d\" data-block-id=\"1fca32d\"><h4 class=\"stk-block-heading__text\"><span style=\"color: var(--stk-global-color-65914, #cfecff);\" class=\"stk-highlight\">Counterweight-System<\/span><\/h4><\/div>\n\n\n\n<div class=\"wp-block-columns is-layout-flex wp-container-core-columns-is-layout-9d6595d7 wp-block-columns-is-layout-flex\" data-block-type=\"core\">\n<div class=\"wp-block-column is-layout-flow wp-block-column-is-layout-flow\" style=\"flex-basis:66.66%\" data-block-type=\"core\">\n<p data-block-type=\"core\"><span style=\"color: var(--stk-global-color-65914, #cfecff);\" class=\"stk-highlight\">Sicherheit ist uns ein besonderes Anliegen. Um unseren Sport professionell aus\u00fcben zu k\u00f6nnen machen wir nicht nur regelm\u00e4\u00dfig Sicherungs\u00fcbungen und trainieren unsere Safeties, wir haben auch ein Sicherungssystem entwickelt, das daf\u00fcr sorgt, dass nichts passiert, wenn doch mal was passiert. Am meisten Arbeit und Hirn hat Manni in dieses System gesteckt, ohne ihn w\u00e4r das sicher nichts geworden. Das gleiche gilt f\u00fcr den Schlitten.<br><br>Das Counterweight ist so zerlegbar, dass es perfekt in Mannis Auto passt. Bei Bedarf wird es auf die Plattform montiert und die Line eingef\u00e4delt. Auf der einen Seite wird getaucht, auf der anderen kann ein Gegengewicht befestigt werden. Im Notfall werden die Bremsen ge\u00f6ffnet und das Gewicht zieht die Line samt Taucher, der dort mit einem Lanyard h\u00e4ngt, nach oben.<\/span><\/p>\n<\/div>\n\n\n\n<div class=\"wp-block-column is-layout-flow wp-block-column-is-layout-flow\" style=\"flex-basis:33.33%\" data-block-type=\"core\">\n<figure class=\"wp-block-image size-full\" data-block-type=\"core\"><a href=\"https:\/\/alpnoe.org\/wp-content\/uploads\/2022\/01\/IMG_3905.jpg\"><img loading=\"lazy\" decoding=\"async\" width=\"640\" height=\"480\" src=\"https:\/\/alpnoe.org\/wp-content\/uploads\/2022\/01\/IMG_3905.jpg\" alt=\"\" class=\"wp-image-615\" srcset=\"https:\/\/alpnoe.org\/wp-content\/uploads\/2022\/01\/IMG_3905.jpg 640w, https:\/\/alpnoe.org\/wp-content\/uploads\/2022\/01\/IMG_3905-300x225.jpg 300w\" sizes=\"auto, (max-width: 640px) 100vw, 640px\" \/><\/a><\/figure>\n<\/div>\n<\/div>\n\n\n\n<div class=\"wp-block-stackable-heading stk-block-heading stk-block stk-8132269\" data-block-id=\"8132269\"><h4 class=\"stk-block-heading__text\"><span style=\"color: var(--stk-global-color-65914, #cfecff);\" class=\"stk-highlight\">No Limits &#8211; Schlitten<\/span><\/h4><\/div>\n\n\n\n<div class=\"wp-block-stackable-text stk-block-text stk-block stk-63cb2ad\" data-block-id=\"63cb2ad\"><p class=\"stk-block-text__text\"><span style=\"color: var(--stk-global-color-65914, #cfecff);\" class=\"stk-highlight\">Mit dem Schlitten kann ohne Kraftaufwand getaucht werden. So kann man sich perfekt auf Druckausgleichstechniken konzentrieren, au\u00dferdem macht Schlittenfahren Spa\u00df. Runter geht\u00b4s mit Gewicht, hoch mit einem Hebeballon, der mit Luft aus einer Pressluftflasche gef\u00fcllt wird.<\/span><\/p><\/div>\n\n\n\n<div class=\"wp-block-stackable-text stk-block-text stk-block stk-12ddeed\" data-block-id=\"12ddeed\"><p class=\"stk-block-text__text\"><span style=\"color: var(--stk-global-color-65914, #cfecff);\" class=\"stk-highlight\"><strong>Kompakte Abmessungen f\u00fcr einen leichten Transport<br><\/strong>Das Hauptrohr besteht aus zwei miteinander verschraubten Teilen. Die Bleigewichte sind aufgesteckt und leicht abmontierbar. Halte\u00f6sen sind hilfreich beim Bergen aus dem Wasser und bieten Haltepunkte f\u00fcr Lanyards.<\/span><\/p><\/div>\n\n\n\n<div class=\"wp-block-stackable-text stk-block-text stk-block stk-565619e\" data-block-id=\"565619e\"><p class=\"stk-block-text__text\"><span style=\"color: var(--stk-global-color-65914, #cfecff);\" class=\"stk-highlight\"><strong>Geradlinige Fahrt und gute Seilf\u00fchrung<br><\/strong>Das Seil l\u00e4uft im Hauptrohr, gef\u00fchrt durch Kunststoffbuchsen und mittig durch den Hebesack. Der Hebesack ist direkt am Schlitten montiert, dadurch ist eine gleichm\u00e4\u00dfige Kraft\u00fcbertragung gew\u00e4hrleistet.<\/span><\/p><\/div>\n\n\n\n<div class=\"wp-block-stackable-text stk-block-text stk-block stk-602f6f6\" data-block-id=\"602f6f6\"><p class=\"stk-block-text__text\"><span style=\"color: var(--stk-global-color-65914, #cfecff);\" class=\"stk-highlight\"><strong>Stopp jederzeit m\u00f6glich<br><\/strong>Die verbaute Bremse ist leicht zu bedienen, greift zu 100% und doch seilschonend zu. Eine Fahrt nach oben ist auch bei geschlossener Bremse uneingeschr\u00e4nkt m\u00f6glich. Sie ist au\u00dferdem selbsthaltend. Der Taucher hat also die H\u00e4nde frei f\u00fcr den Druckausgleich und die Bedienung des Luftventils. Beim Erreichen der Wasseroberfl\u00e4che verhindert eine geschlossene Bremse das Zur\u00fccksinken des Schlittens in die Tiefe.<\/span><\/p><\/div>\n\n\n\n<div class=\"wp-block-stackable-text stk-block-text stk-block stk-152a0c8\" data-block-id=\"152a0c8\"><p class=\"stk-block-text__text\"><span style=\"color: var(--stk-global-color-65914, #cfecff);\" class=\"stk-highlight\"><strong>Einfache Bedienung des Hebeballons<br><\/strong>Die Luftversorgung erfolgt \u00fcber einen Druckminderer und einen Kugelhahn. Die Bedienung ist dadurch simpel und auch mit dicken Handschuhen kein Problem.<\/span><\/p><\/div>\n\n\n\n<div class=\"wp-block-columns is-layout-flex wp-container-core-columns-is-layout-9d6595d7 wp-block-columns-is-layout-flex\" data-block-type=\"core\">\n<div class=\"wp-block-column is-layout-flow wp-block-column-is-layout-flow\" data-block-type=\"core\">\n<figure class=\"wp-block-image size-large is-resized\" data-block-type=\"core\"><a href=\"https:\/\/alpnoe.org\/wp-content\/uploads\/2022\/02\/IMG-20220112-WA0009-1.jpg\"><img loading=\"lazy\" decoding=\"async\" src=\"https:\/\/alpnoe.org\/wp-content\/uploads\/2022\/02\/IMG-20220112-WA0009-1-768x1024.jpg\" alt=\"\" class=\"wp-image-1024\" width=\"276\" height=\"368\" srcset=\"https:\/\/alpnoe.org\/wp-content\/uploads\/2022\/02\/IMG-20220112-WA0009-1-768x1024.jpg 768w, https:\/\/alpnoe.org\/wp-content\/uploads\/2022\/02\/IMG-20220112-WA0009-1-225x300.jpg 225w, https:\/\/alpnoe.org\/wp-content\/uploads\/2022\/02\/IMG-20220112-WA0009-1-1152x1536.jpg 1152w, https:\/\/alpnoe.org\/wp-content\/uploads\/2022\/02\/IMG-20220112-WA0009-1.jpg 1200w\" sizes=\"auto, (max-width: 276px) 100vw, 276px\" \/><\/a><\/figure>\n<\/div>\n\n\n\n<div class=\"wp-block-column is-layout-flow wp-block-column-is-layout-flow\" data-block-type=\"core\">\n<figure class=\"wp-block-image size-large\" data-block-type=\"core\"><a href=\"https:\/\/alpnoe.org\/wp-content\/uploads\/2022\/01\/IMG-20190726-WA0000.jpg\"><img loading=\"lazy\" decoding=\"async\" width=\"768\" height=\"1024\" src=\"https:\/\/alpnoe.org\/wp-content\/uploads\/2022\/01\/IMG-20190726-WA0000-e1644009536881-768x1024.jpg\" alt=\"\" class=\"wp-image-618\" srcset=\"https:\/\/alpnoe.org\/wp-content\/uploads\/2022\/01\/IMG-20190726-WA0000-e1644009536881-768x1024.jpg 768w, https:\/\/alpnoe.org\/wp-content\/uploads\/2022\/01\/IMG-20190726-WA0000-e1644009536881-225x300.jpg 225w, https:\/\/alpnoe.org\/wp-content\/uploads\/2022\/01\/IMG-20190726-WA0000-e1644009536881.jpg 900w\" sizes=\"auto, (max-width: 768px) 100vw, 768px\" \/><\/a><\/figure>\n<\/div>\n\n\n\n<div class=\"wp-block-column is-layout-flow wp-block-column-is-layout-flow\" data-block-type=\"core\">\n<figure class=\"wp-block-image size-large\" data-block-type=\"core\"><a href=\"https:\/\/alpnoe.org\/wp-content\/uploads\/2022\/02\/IMG-20170430-WA0007-1.jpg\"><img loading=\"lazy\" decoding=\"async\" width=\"768\" height=\"1024\" src=\"https:\/\/alpnoe.org\/wp-content\/uploads\/2022\/02\/IMG-20170430-WA0007-1-768x1024.jpg\" alt=\"\" class=\"wp-image-1026\" srcset=\"https:\/\/alpnoe.org\/wp-content\/uploads\/2022\/02\/IMG-20170430-WA0007-1-768x1024.jpg 768w, https:\/\/alpnoe.org\/wp-content\/uploads\/2022\/02\/IMG-20170430-WA0007-1-225x300.jpg 225w, https:\/\/alpnoe.org\/wp-content\/uploads\/2022\/02\/IMG-20170430-WA0007-1-1152x1536.jpg 1152w, https:\/\/alpnoe.org\/wp-content\/uploads\/2022\/02\/IMG-20170430-WA0007-1.jpg 1200w\" sizes=\"auto, (max-width: 768px) 100vw, 768px\" \/><\/a><\/figure>\n<\/div>\n<\/div>\n\n\n\n<div class=\"wp-block-columns is-layout-flex wp-container-core-columns-is-layout-9d6595d7 wp-block-columns-is-layout-flex\" data-block-type=\"core\">\n<div class=\"wp-block-column is-layout-flow wp-block-column-is-layout-flow\" style=\"flex-basis:100%\" data-block-type=\"core\">\n<div class=\"wp-block-columns is-layout-flex wp-container-core-columns-is-layout-9d6595d7 wp-block-columns-is-layout-flex\" data-block-type=\"core\">\n<div class=\"wp-block-column is-layout-flow wp-block-column-is-layout-flow\" data-block-type=\"core\">\n<figure class=\"wp-block-image size-large\" data-block-type=\"core\"><a href=\"https:\/\/alpnoe.org\/wp-content\/uploads\/2022\/02\/IMG-20170430-WA0000-1.jpg\"><img loading=\"lazy\" decoding=\"async\" width=\"1024\" height=\"768\" src=\"https:\/\/alpnoe.org\/wp-content\/uploads\/2022\/02\/IMG-20170430-WA0000-1-1024x768.jpg\" alt=\"\" class=\"wp-image-1025\" srcset=\"https:\/\/alpnoe.org\/wp-content\/uploads\/2022\/02\/IMG-20170430-WA0000-1-1024x768.jpg 1024w, https:\/\/alpnoe.org\/wp-content\/uploads\/2022\/02\/IMG-20170430-WA0000-1-300x225.jpg 300w, https:\/\/alpnoe.org\/wp-content\/uploads\/2022\/02\/IMG-20170430-WA0000-1-768x576.jpg 768w, https:\/\/alpnoe.org\/wp-content\/uploads\/2022\/02\/IMG-20170430-WA0000-1-1536x1152.jpg 1536w, https:\/\/alpnoe.org\/wp-content\/uploads\/2022\/02\/IMG-20170430-WA0000-1.jpg 1600w\" sizes=\"auto, (max-width: 1024px) 100vw, 1024px\" \/><\/a><\/figure>\n<\/div>\n\n\n\n<div class=\"wp-block-column is-layout-flow wp-block-column-is-layout-flow\" data-block-type=\"core\">\n<figure class=\"wp-block-image size-large\" data-block-type=\"core\"><a href=\"https:\/\/alpnoe.org\/wp-content\/uploads\/2022\/02\/IMG-20170430-WA0006.jpg\"><img loading=\"lazy\" decoding=\"async\" width=\"1024\" height=\"768\" src=\"https:\/\/alpnoe.org\/wp-content\/uploads\/2022\/02\/IMG-20170430-WA0006-1024x768.jpg\" alt=\"\" class=\"wp-image-1033\" srcset=\"https:\/\/alpnoe.org\/wp-content\/uploads\/2022\/02\/IMG-20170430-WA0006-1024x768.jpg 1024w, https:\/\/alpnoe.org\/wp-content\/uploads\/2022\/02\/IMG-20170430-WA0006-300x225.jpg 300w, https:\/\/alpnoe.org\/wp-content\/uploads\/2022\/02\/IMG-20170430-WA0006-768x576.jpg 768w, https:\/\/alpnoe.org\/wp-content\/uploads\/2022\/02\/IMG-20170430-WA0006-1536x1152.jpg 1536w, https:\/\/alpnoe.org\/wp-content\/uploads\/2022\/02\/IMG-20170430-WA0006.jpg 1600w\" sizes=\"auto, (max-width: 1024px) 100vw, 1024px\" \/><\/a><\/figure>\n<\/div>\n<\/div>\n<\/div>\n<\/div>\n\n\n","protected":false},"excerpt":{"rendered":"<p>Wir sind stolze Besitzer einer Plattform am Achensee, die wir an unserer Boje bei ca. 60m Tiefe fixieren k\u00f6nnen. In den Sommermonaten schwimmt sie beim Campingplatz Schwarzenau. Wenn uns der &hellip; <a href=\"https:\/\/alpnoe.org\/en\/plattform\" class=\"more-link\">Continue reading <span class=\"screen-reader-text\">Plattform, Counterweight-System und NLT-Schlitten<\/span><\/a><\/p>\n","protected":false},"author":1,"featured_media":0,"parent":0,"menu_order":0,"comment_status":"closed","ping_status":"closed","template":"full-width-page.php","meta":{"footnotes":""},"wf_page_folders":[11],"class_list":["post-891","page","type-page","status-publish","hentry"],"translation":{"provider":"WPGlobus","version":"3.0.2","language":"en","enabled_languages":["de","en"],"languages":{"de":{"title":true,"content":true,"excerpt":false},"en":{"title":false,"content":false,"excerpt":false}}},"_links":{"self":[{"href":"https:\/\/alpnoe.org\/en\/wp-json\/wp\/v2\/pages\/891","targetHints":{"allow":["GET"]}}],"collection":[{"href":"https:\/\/alpnoe.org\/en\/wp-json\/wp\/v2\/pages"}],"about":[{"href":"https:\/\/alpnoe.org\/en\/wp-json\/wp\/v2\/types\/page"}],"author":[{"embeddable":true,"href":"https:\/\/alpnoe.org\/en\/wp-json\/wp\/v2\/users\/1"}],"replies":[{"embeddable":true,"href":"https:\/\/alpnoe.org\/en\/wp-json\/wp\/v2\/comments?post=891"}],"version-history":[{"count":23,"href":"https:\/\/alpnoe.org\/en\/wp-json\/wp\/v2\/pages\/891\/revisions"}],"predecessor-version":[{"id":1067,"href":"https:\/\/alpnoe.org\/en\/wp-json\/wp\/v2\/pages\/891\/revisions\/1067"}],"wp:attachment":[{"href":"https:\/\/alpnoe.org\/en\/wp-json\/wp\/v2\/media?parent=891"}],"wp:term":[{"taxonomy":"wf_page_folders","embeddable":true,"href":"https:\/\/alpnoe.org\/en\/wp-json\/wp\/v2\/wf_page_folders?post=891"}],"curies":[{"name":"wp","href":"https:\/\/api.w.org\/{rel}","templated":true}]}}