{"id":527,"date":"2022-01-09T20:38:44","date_gmt":"2022-01-09T20:38:44","guid":{"rendered":"https:\/\/alpnoe.live-website.com\/anreise-2"},"modified":"2023-11-07T11:00:54","modified_gmt":"2023-11-07T11:00:54","slug":"anreise-2","status":"publish","type":"page","link":"https:\/\/alpnoe.org\/en\/tyrolean-apnea-cup\/anreise-2","title":{"rendered":"How to get there"},"content":{"rendered":"\n<div class=\"wp-block-group has-kb-palette-3-color has-text-color\" data-block-type=\"core\"><div class=\"wp-block-group__inner-container is-layout-flow wp-block-group-is-layout-flow\">\n<p data-block-type=\"core\"><strong>Adress<\/strong>:<\/p>\n\n\n\n<p data-block-type=\"core\"><strong>USI \u2013 Universit\u00e4ts-Sportinstitut<br>F\u00fcrstenweg 185<br>A-6020 Innsbruck, \u00d6sterreich<\/strong><\/p>\n\n\n\n<p data-block-type=\"core\"><a rel=\"noreferrer noopener\" href=\"https:\/\/www.google.com\/maps\/place\/CS+FW185+Hauptgebaude,+F%C3%BCrstenweg+185,+6020+Innsbruck\/@47.2569774,11.3553335,293m\/data=!3m1!1e3!4m5!3m4!1s0x479d6ba2f8766e9d:0x263520725598d7ea!8m2!3d47.2568489!4d11.3562179\" target=\"_blank\"><span style=\"color: var(--stk-global-color-83754, #00eeff);\" class=\"stk-highlight\">Google Maps<\/span><\/a><\/p>\n\n\n\n<div style=\"height:30px\" aria-hidden=\"true\" class=\"wp-block-spacer\" data-block-type=\"core\"><\/div>\n\n\n\n<p data-block-type=\"core\"><strong>Arriving by car<\/strong><\/p>\n\n\n\n<p data-block-type=\"core\">you drive on the highway A12 in the direction of Innsbruck and take the exit \u201cInnsbruck West Airport\u201d. From there follow the signs toward the airport. In the immediate vicinity of the airport, located on the left hand side, you will find the university sports facilities (USI). The parking places are chargeable.<\/p>\n\n\n\n<div style=\"height:51px\" aria-hidden=\"true\" class=\"wp-block-spacer\" data-block-type=\"core\"><\/div>\n<\/div><\/div>\n\n\n\n<div class=\"wp-block-group has-kb-palette-3-color has-text-color\" data-block-type=\"core\"><div class=\"wp-block-group__inner-container is-layout-flow wp-block-group-is-layout-flow\">\n<p data-block-type=\"core\"><strong>Arriving by train and bus<\/strong><\/p>\n\n\n\n<p data-block-type=\"core\">from the train station Innsbruck operates in 30 minutes the bus line \u201cF\u201d toward the airport. The journey time is about 20 minutes. The bus stops are located immediately in front of the main train station and the University Sports Facilities (USI).<\/p>\n<\/div><\/div>\n\n\n\n<p data-block-type=\"core\"><\/p>\n","protected":false},"excerpt":{"rendered":"<p>Adress: USI \u2013 Universit\u00e4ts-SportinstitutF\u00fcrstenweg 185A-6020 Innsbruck, \u00d6sterreich Google Maps Arriving by car you drive on the highway A12 in the direction of Innsbruck and take the exit \u201cInnsbruck West Airport\u201d. &hellip; <a href=\"https:\/\/alpnoe.org\/en\/tyrolean-apnea-cup\/anreise-2\" class=\"more-link\">Continue reading <span class=\"screen-reader-text\">How to get there<\/span><\/a><\/p>\n","protected":false},"author":1,"featured_media":0,"parent":40,"menu_order":0,"comment_status":"closed","ping_status":"closed","template":"full-width-page.php","meta":{"footnotes":""},"wf_page_folders":[9],"class_list":["post-527","page","type-page","status-publish","hentry"],"translation":{"provider":"WPGlobus","version":"3.0.2","language":"en","enabled_languages":["de","en"],"languages":{"de":{"title":true,"content":true,"excerpt":false},"en":{"title":true,"content":true,"excerpt":false}}},"_links":{"self":[{"href":"https:\/\/alpnoe.org\/en\/wp-json\/wp\/v2\/pages\/527","targetHints":{"allow":["GET"]}}],"collection":[{"href":"https:\/\/alpnoe.org\/en\/wp-json\/wp\/v2\/pages"}],"about":[{"href":"https:\/\/alpnoe.org\/en\/wp-json\/wp\/v2\/types\/page"}],"author":[{"embeddable":true,"href":"https:\/\/alpnoe.org\/en\/wp-json\/wp\/v2\/users\/1"}],"replies":[{"embeddable":true,"href":"https:\/\/alpnoe.org\/en\/wp-json\/wp\/v2\/comments?post=527"}],"version-history":[{"count":14,"href":"https:\/\/alpnoe.org\/en\/wp-json\/wp\/v2\/pages\/527\/revisions"}],"predecessor-version":[{"id":1305,"href":"https:\/\/alpnoe.org\/en\/wp-json\/wp\/v2\/pages\/527\/revisions\/1305"}],"up":[{"embeddable":true,"href":"https:\/\/alpnoe.org\/en\/wp-json\/wp\/v2\/pages\/40"}],"wp:attachment":[{"href":"https:\/\/alpnoe.org\/en\/wp-json\/wp\/v2\/media?parent=527"}],"wp:term":[{"taxonomy":"wf_page_folders","embeddable":true,"href":"https:\/\/alpnoe.org\/en\/wp-json\/wp\/v2\/wf_page_folders?post=527"}],"curies":[{"name":"wp","href":"https:\/\/api.w.org\/{rel}","templated":true}]}}