{"id":37,"date":"2022-01-08T16:56:42","date_gmt":"2022-01-08T16:56:42","guid":{"rendered":"https:\/\/alpnoe.live-website.com\/?page_id=37"},"modified":"2022-01-30T11:41:55","modified_gmt":"2022-01-30T11:41:55","slug":"news","status":"publish","type":"page","link":"https:\/\/alpnoe.org\/en\/news","title":{"rendered":"News"},"content":{"rendered":"\n<p class=\"has-stk-global-color-65914-color has-text-color\" data-block-type=\"core\">Bekomme unter den Men\u00fcpunkten &#8220;Aktivit\u00e4ten&#8221; und &#8220;Wettk\u00e4mpfe&#8221; mehr Eindr\u00fccke von Alpnoe.<\/p>\n\n\n\n<p data-block-type=\"core\"><\/p>\n\n\n\n<div class=\"wp-block-stackable-image alignleft stk-block-image stk-block stk-1a23716\" data-block-id=\"1a23716\"><style>.stk-1a23716{max-width:1500px !important;min-width:auto !important;padding-top:0px !important;padding-right:0px !important;padding-bottom:0px !important;padding-left:0px !important;display:flex !important}.stk-1a23716{align-items:center !important}.stk-1a23716 .stk-img-wrapper img{transform:scale(0.87) !important;object-position:37% 74% !important}.stk-1a23716 .stk-img-wrapper{width:100% !important;height:370px !important}.stk-1a23716 .stk-img-wrapper img{border-radius:10px !important}<\/style><figure class=\"stk-img-wrapper stk-image--shape-stretch\"><img loading=\"lazy\" decoding=\"async\" class=\"stk-img wp-image-572\" src=\"https:\/\/alpnoe.org\/wp-content\/uploads\/2022\/01\/IMG_0527-1024x768.jpg\" width=\"1024\" height=\"768\" srcset=\"https:\/\/alpnoe.org\/wp-content\/uploads\/2022\/01\/IMG_0527-1024x768.jpg 1024w, https:\/\/alpnoe.org\/wp-content\/uploads\/2022\/01\/IMG_0527-300x225.jpg 300w, https:\/\/alpnoe.org\/wp-content\/uploads\/2022\/01\/IMG_0527-768x576.jpg 768w, https:\/\/alpnoe.org\/wp-content\/uploads\/2022\/01\/IMG_0527-1536x1152.jpg 1536w, https:\/\/alpnoe.org\/wp-content\/uploads\/2022\/01\/IMG_0527.jpg 1600w\" sizes=\"auto, (max-width: 1024px) 100vw, 1024px\" \/><\/figure><\/div>\n","protected":false},"excerpt":{"rendered":"<p>Bekomme unter den Men\u00fcpunkten &#8220;Aktivit\u00e4ten&#8221; und &#8220;Wettk\u00e4mpfe&#8221; mehr Eindr\u00fccke von Alpnoe.<\/p>\n","protected":false},"author":1,"featured_media":0,"parent":0,"menu_order":0,"comment_status":"closed","ping_status":"closed","template":"full-width-page.php","meta":{"footnotes":""},"wf_page_folders":[16],"class_list":["post-37","page","type-page","status-publish","hentry"],"translation":{"provider":"WPGlobus","version":"3.0.2","language":"en","enabled_languages":["de","en"],"languages":{"de":{"title":true,"content":true,"excerpt":false},"en":{"title":false,"content":false,"excerpt":false}}},"_links":{"self":[{"href":"https:\/\/alpnoe.org\/en\/wp-json\/wp\/v2\/pages\/37","targetHints":{"allow":["GET"]}}],"collection":[{"href":"https:\/\/alpnoe.org\/en\/wp-json\/wp\/v2\/pages"}],"about":[{"href":"https:\/\/alpnoe.org\/en\/wp-json\/wp\/v2\/types\/page"}],"author":[{"embeddable":true,"href":"https:\/\/alpnoe.org\/en\/wp-json\/wp\/v2\/users\/1"}],"replies":[{"embeddable":true,"href":"https:\/\/alpnoe.org\/en\/wp-json\/wp\/v2\/comments?post=37"}],"version-history":[{"count":5,"href":"https:\/\/alpnoe.org\/en\/wp-json\/wp\/v2\/pages\/37\/revisions"}],"predecessor-version":[{"id":887,"href":"https:\/\/alpnoe.org\/en\/wp-json\/wp\/v2\/pages\/37\/revisions\/887"}],"wp:attachment":[{"href":"https:\/\/alpnoe.org\/en\/wp-json\/wp\/v2\/media?parent=37"}],"wp:term":[{"taxonomy":"wf_page_folders","embeddable":true,"href":"https:\/\/alpnoe.org\/en\/wp-json\/wp\/v2\/wf_page_folders?post=37"}],"curies":[{"name":"wp","href":"https:\/\/api.w.org\/{rel}","templated":true}]}}