{"id":1538,"date":"2022-01-08T16:56:42","date_gmt":"2022-01-08T16:56:42","guid":{"rendered":"https:\/\/alpnoe.org\/?page_id=1538"},"modified":"2025-11-29T15:48:12","modified_gmt":"2025-11-29T15:48:12","slug":"education_3star","status":"publish","type":"page","link":"https:\/\/alpnoe.org\/en\/education_3star","title":{"rendered":"3* Stern"},"content":{"rendered":"\n<div class=\"wp-block-file\" data-block-type=\"core\"><a id=\"wp-block-file--media-c4b91c34-b227-40b1-ae85-a02782837120\" href=\"https:\/\/alpnoe.org\/wp-content\/uploads\/2025\/11\/20251120_Ausschreibung-Freitauchkurs-3-Stern-.pdf\" target=\"_blank\" rel=\"noreferrer noopener\"><span style=\"color: var(--stk-global-color-65914, #cfecff);\" class=\"stk-highlight\">Ausschreibung Freitauchkurs 3 Stern<\/span><\/a><a href=\"https:\/\/alpnoe.org\/wp-content\/uploads\/2025\/11\/20251120_Ausschreibung-Freitauchkurs-3-Stern-.pdf\" class=\"wp-block-file__button wp-element-button\" download aria-describedby=\"wp-block-file--media-c4b91c34-b227-40b1-ae85-a02782837120\">Herunterladen<\/a><\/div>\n\n\n\n<div class=\"wp-block-file\" data-block-type=\"core\"><a id=\"wp-block-file--media-fb84502b-9521-4227-880e-75e5a4853088\" href=\"https:\/\/alpnoe.org\/wp-content\/uploads\/2025\/11\/20251120_Anmeldung-Freitauchkurs.pdf\"><span style=\"color: var(--stk-global-color-65914, #cfecff);\" class=\"stk-highlight\">Anmeldung Freitauchkurs<\/span><\/a><a href=\"https:\/\/alpnoe.org\/wp-content\/uploads\/2025\/11\/20251120_Anmeldung-Freitauchkurs.pdf\" class=\"wp-block-file__button wp-element-button\" download aria-describedby=\"wp-block-file--media-fb84502b-9521-4227-880e-75e5a4853088\">Herunterladen<\/a><\/div>\n\n\n\n<div style=\"height:35px\" aria-hidden=\"true\" class=\"wp-block-spacer\" data-block-type=\"core\"><\/div>\n\n\n\n<h2 class=\"wp-block-heading has-medium-font-size\" data-block-type=\"core\"><span style=\"color: var(--stk-global-color-65914, #cfecff);\" class=\"stk-highlight\"><strong>TSV\u00d6\/CMAS 3* Star Free Diver<br><\/strong><\/span><\/h2>\n\n\n\n<p data-block-type=\"core\"><strong><span style=\"color: var(--stk-global-color-65914, #cfecff);\" class=\"stk-highlight\">Voraussetzungen f\u00fcr diesen Kurs:<\/span><\/strong><\/p>\n\n\n\n<ul class=\"wp-block-list has-kb-palette-3-color has-text-color has-link-color wp-elements-2fb720852dcbcd779d44e57fe5aef711\" data-block-type=\"core\">\n<li data-block-type=\"core\">Mindestalter 16 Jahre<\/li>\n\n\n\n<li data-block-type=\"core\">positiv abgeschlossener 2 Stern Kurs<\/li>\n\n\n\n<li data-block-type=\"core\">\u00c4rztlich \u00fcberpr\u00fcfte <a href=\"https:\/\/www.tauchclubinnsbruck.at\/club\/arzt.php\">Tauchtauglichkeit<\/a><\/li>\n\n\n\n<li data-block-type=\"core\"><a href=\"https:\/\/www.tauchclubinnsbruck.at\/club\/mitgliedschaft.php\">Mitgliedschaft beim TCI<\/a> oder TSV\u00d6 Verein<\/li>\n\n\n\n<li data-block-type=\"core\">Spezial Brevet TSV\u00d6-Oxygen-Administration<\/li>\n<\/ul>\n\n\n\n<p data-block-type=\"core\"><span style=\"color: var(--stk-global-color-65914, #cfecff);\" class=\"stk-highlight\"><strong>Mitzubringen:<\/strong>&nbsp;&nbsp;&nbsp;&nbsp;&nbsp;&nbsp; pers\u00f6nliche Apnoe Ausr\u00fcstung<\/span><\/p>\n\n\n\n<div class=\"wp-block-stackable-text stk-block-text stk-block stk-a2fdf2c\" data-block-id=\"a2fdf2c\"><p class=\"stk-block-text__text\"><strong><span style=\"color: var(--stk-global-color-65914, #cfecff);\" class=\"stk-highlight\">Kursteile:<\/span><\/strong><\/p><\/div>\n\n\n\n<div class=\"wp-block-columns is-layout-flex wp-container-core-columns-is-layout-9d6595d7 wp-block-columns-is-layout-flex\" data-block-type=\"core\">\n<div class=\"wp-block-column is-layout-flow wp-block-column-is-layout-flow\" data-block-type=\"core\">\n<ul class=\"wp-block-list\" data-block-type=\"core\">\n<li class=\"has-kb-palette-3-color has-text-color has-link-color wp-elements-7a8941daaaa5992ec14b350d32701ae8\" data-block-type=\"core\">14 Unterrichtseinheiten Theorie<\/li>\n\n\n\n<li class=\"has-kb-palette-3-color has-text-color has-link-color wp-elements-fdc65449245ed00e4667510833d66105\" data-block-type=\"core\">2 Unterrichtseinheiten \u00dcbungen an Land<\/li>\n\n\n\n<li class=\"has-kb-palette-3-color has-text-color has-link-color wp-elements-d0538762aa039affc832e59b8356c2ad\" data-block-type=\"core\">6 Unterrichtseinheiten im Pool<\/li>\n\n\n\n<li class=\"has-kb-palette-3-color has-text-color has-link-color wp-elements-9aee7e7a9ce03fb1ff2832ab51f2406e\" data-block-type=\"core\">4 Unterrichtseinheiten im Freiwasser<\/li>\n<\/ul>\n<\/div>\n\n\n\n<div class=\"wp-block-column is-layout-flow wp-block-column-is-layout-flow\" data-block-type=\"core\">\n<figure data-wp-context=\"{&quot;imageId&quot;:&quot;69e2168a0bb90&quot;}\" data-wp-interactive=\"core\/image\" data-wp-key=\"69e2168a0bb90\" class=\"wp-block-image size-full is-resized wp-lightbox-container\" data-block-type=\"core\"><img loading=\"lazy\" decoding=\"async\" width=\"565\" height=\"410\" data-wp-class--hide=\"state.isContentHidden\" data-wp-class--show=\"state.isContentVisible\" data-wp-init=\"callbacks.setButtonStyles\" data-wp-on--click=\"actions.showLightbox\" data-wp-on--load=\"callbacks.setButtonStyles\" data-wp-on-window--resize=\"callbacks.setButtonStyles\" src=\"https:\/\/alpnoe.org\/wp-content\/uploads\/2024\/02\/Ausbildung_Apnoetaucher.jpg\" alt=\"\" class=\"wp-image-1365\" style=\"width:256px;height:auto\" srcset=\"https:\/\/alpnoe.org\/wp-content\/uploads\/2024\/02\/Ausbildung_Apnoetaucher.jpg 565w, https:\/\/alpnoe.org\/wp-content\/uploads\/2024\/02\/Ausbildung_Apnoetaucher-300x218.jpg 300w\" sizes=\"auto, (max-width: 565px) 100vw, 565px\" \/><button\n\t\t\tclass=\"lightbox-trigger\"\n\t\t\ttype=\"button\"\n\t\t\taria-haspopup=\"dialog\"\n\t\t\taria-label=\"Enlarge\"\n\t\t\tdata-wp-init=\"callbacks.initTriggerButton\"\n\t\t\tdata-wp-on--click=\"actions.showLightbox\"\n\t\t\tdata-wp-style--right=\"state.imageButtonRight\"\n\t\t\tdata-wp-style--top=\"state.imageButtonTop\"\n\t\t>\n\t\t\t<svg xmlns=\"http:\/\/www.w3.org\/2000\/svg\" width=\"12\" height=\"12\" fill=\"none\" viewBox=\"0 0 12 12\">\n\t\t\t\t<path fill=\"#fff\" d=\"M2 0a2 2 0 0 0-2 2v2h1.5V2a.5.5 0 0 1 .5-.5h2V0H2Zm2 10.5H2a.5.5 0 0 1-.5-.5V8H0v2a2 2 0 0 0 2 2h2v-1.5ZM8 12v-1.5h2a.5.5 0 0 0 .5-.5V8H12v2a2 2 0 0 1-2 2H8Zm2-12a2 2 0 0 1 2 2v2h-1.5V2a.5.5 0 0 0-.5-.5H8V0h2Z\" \/>\n\t\t\t<\/svg>\n\t\t<\/button><\/figure>\n<\/div>\n<\/div>\n\n\n\n<p class=\"has-kb-palette-3-color has-text-color has-link-color wp-elements-372c11660505921354f13f1612ddf999\" data-block-type=\"core\"><strong>Kurstermine:<\/strong><\/p>\n\n\n\n<p class=\"has-kb-palette-3-color has-text-color has-link-color wp-elements-bce417a83c6f286007494cda0c398a5d\" data-block-type=\"core\">an 2 vollen Wochenenden im Juli<\/p>\n\n\n\n<p class=\"has-kb-palette-3-color has-text-color has-link-color wp-elements-3fb59332ad899656b71c8f635a4cef99\" data-block-type=\"core\"><strong>Kursorte:<\/strong><\/p>\n\n\n\n<p class=\"has-kb-palette-3-color has-text-color has-link-color wp-elements-7f35798625f65493c3ef6dea3deba53a\" data-block-type=\"core\">Theorie: TCI<br>Praxis Pool:&nbsp; Hofer Stubn Kolsassberg, <a href=\"https:\/\/www.hoferstubn.com\/wellness.html\">https:\/\/www.hoferstubn.com\/wellness.html<\/a>&nbsp;&nbsp; Innsbruck, &nbsp;Hallenbad Landessportzentrum, Hallenbad Amraserstra\u00dfe<br>Praxis See:&nbsp; Tieftauchen,&nbsp; Achensee, Schwarzenau<\/p>\n\n\n\n<p class=\"has-kb-palette-3-color has-text-color has-link-color wp-elements-4a17835a79f92fe2cfdfb5f5bb38b48e\" data-block-type=\"core\"><strong>Kursinhalt:<\/strong><\/p>\n\n\n\n<ul class=\"wp-block-list\" data-block-type=\"core\">\n<li class=\"has-kb-palette-3-color has-text-color has-link-color wp-elements-f725a51cca6818271b2598f65cb6d815\" data-block-type=\"core\">Theorieausbildung mit Theoriepr\u00fcfung auf 3* Niveau<\/li>\n\n\n\n<li class=\"has-kb-palette-3-color has-text-color has-link-color wp-elements-9979d7158d78fa41b7e1f627dd5a1c65\" data-block-type=\"core\">Vertiefende Physiologie, Medizin\u200b, Tauchphysik<\/li>\n\n\n\n<li class=\"has-kb-palette-3-color has-text-color has-link-color wp-elements-5be633d4af82dc7af6a52fed376cd64d\" data-block-type=\"core\">Atem- und Entspannungstechniken<\/li>\n\n\n\n<li class=\"has-kb-palette-3-color has-text-color has-link-color wp-elements-c83274f9b81d983a910a53e38ae3a260\" data-block-type=\"core\">Statische Apnoe (Zeittauchen) 3 min 30 sec.<\/li>\n\n\n\n<li class=\"has-kb-palette-3-color has-text-color has-link-color wp-elements-bbd19936e20e840443be5a52fc5815f9\" data-block-type=\"core\">Streckentauchen (Dynamik) 75 m<\/li>\n\n\n\n<li class=\"has-kb-palette-3-color has-text-color has-link-color wp-elements-c5b2a3db9eb549e084e9bb54fc5ab408\" data-block-type=\"core\">Tauchtechniken, Abtauchtechnik auf 3* Niveau<\/li>\n\n\n\n<li class=\"has-kb-palette-3-color has-text-color has-link-color wp-elements-f88bb27820174df9774150ce1f5960f8\" data-block-type=\"core\">Druckausgleichstechniken<\/li>\n\n\n\n<li class=\"has-kb-palette-3-color has-text-color has-link-color wp-elements-28080fe0f6872ea9beb5695b1ea9653a\" data-block-type=\"core\">Sicherheitstechniken, Tauchgangsplanung<\/li>\n\n\n\n<li class=\"has-kb-palette-3-color has-text-color has-link-color wp-elements-387acc952de259bd6609dab560f01569\" data-block-type=\"core\">Tieftauchen an der Boje 30 m<\/li>\n\n\n\n<li class=\"has-kb-palette-3-color has-text-color has-link-color wp-elements-4d3dc4a903cbbd35eeeda68e0dff7d82\" data-block-type=\"core\">Tieftauchen CWT, FIM, VWT<\/li>\n\n\n\n<li class=\"has-kb-palette-3-color has-text-color has-link-color wp-elements-b1665582eae9384e96cb564444b1350b\" data-block-type=\"core\">Trainingmethoden &nbsp;\/ CO2 und O2 Tabelle<\/li>\n\n\n\n<li class=\"has-kb-palette-3-color has-text-color has-link-color wp-elements-38b3dd51024a10f15e3465e0c41c0816\" data-block-type=\"core\">Bergen und Retten einer Freitaucher:in aus 15m+ Tiefe<\/li>\n\n\n\n<li class=\"has-kb-palette-3-color has-text-color has-link-color wp-elements-e80139e0c3bdb2af3cff4c8ff4d976f6\" data-block-type=\"core\">Rettung und EH bei Unf\u00e4llen, CPR, O2-Gabe<\/li>\n\n\n\n<li class=\"has-kb-palette-3-color has-text-color has-link-color wp-elements-03ff2dabbd90d61e9ba45c8b29877d23\" data-block-type=\"core\">Sicheres Retten zum Ufer 25m<\/li>\n<\/ul>\n\n\n\n<p class=\"has-kb-palette-3-color has-text-color has-link-color wp-elements-3a8fdcc6cf16339c327423ce3c709bf0\" data-block-type=\"core\"><strong>Offizielles Ausbildungsziel:<\/strong><\/p>\n\n\n\n<p class=\"has-kb-palette-3-color has-text-color has-link-color wp-elements-01ea42dbc85d9524a62a674c6624a3ef\" data-block-type=\"core\">Die Inhaber:innen des TSV\u00d6\/CMAS 3* Star Free Diver Brevets besitzen weiterf\u00fchrende theoretische und praktische Technikkenntnisse im Freitauchen mit besonderem Augenmerk auf Trainings-techniken und sind ausgebildet zum Freitauchen in den Disziplinen Zeittauchen (Statik), Strecken-tauchen (Dynamik) und Tieftauchen bis in gr\u00f6\u00dfere Freitauchtiefen (bis 30 m).<\/p>\n\n\n\n<p class=\"has-kb-palette-3-color has-text-color has-link-color wp-elements-904b6104bc1ea198469f0681b69ec9c8\" data-block-type=\"core\"><strong>Preis:<\/strong> \u20ac 490<\/p>\n\n\n\n<p class=\"has-kb-palette-3-color has-text-color has-link-color wp-elements-842f52fe1ae9728f79eab45762f1fc5d\" data-block-type=\"core\">Da Wochenendkurs und Kursteile in der Hoferstubn sind, bietet sich auch die \u00dcbernachtung in der Hoferstubn an.<\/p>\n\n\n\n<p class=\"has-kb-palette-3-color has-text-color has-link-color wp-elements-39022288bef1a57a93202ca7be70756c\" data-block-type=\"core\"><a href=\"https:\/\/www.hoferstubn.com\/direkt-online-buchen.html\">https:\/\/www.hoferstubn.com\/direkt-online-buchen.html<\/a><\/p>\n","protected":false},"excerpt":{"rendered":"<p>TSV\u00d6\/CMAS 3* Star Free Diver Voraussetzungen f\u00fcr diesen Kurs: Mitzubringen:&nbsp;&nbsp;&nbsp;&nbsp;&nbsp;&nbsp; pers\u00f6nliche Apnoe Ausr\u00fcstung Kursteile: Kurstermine: an 2 vollen Wochenenden im Juli Kursorte: Theorie: TCIPraxis Pool:&nbsp; Hofer Stubn Kolsassberg, https:\/\/www.hoferstubn.com\/wellness.html&nbsp;&nbsp; Innsbruck, &hellip; <a href=\"https:\/\/alpnoe.org\/en\/education_3star\" class=\"more-link\">Continue reading <span class=\"screen-reader-text\">3* Stern<\/span><\/a><\/p>\n","protected":false},"author":1,"featured_media":0,"parent":0,"menu_order":0,"comment_status":"closed","ping_status":"closed","template":"full-width-page.php","meta":{"footnotes":""},"wf_page_folders":[22],"class_list":["post-1538","page","type-page","status-publish","hentry"],"translation":{"provider":"WPGlobus","version":"3.0.2","language":"en","enabled_languages":["de","en"],"languages":{"de":{"title":true,"content":true,"excerpt":false},"en":{"title":false,"content":false,"excerpt":false}}},"_links":{"self":[{"href":"https:\/\/alpnoe.org\/en\/wp-json\/wp\/v2\/pages\/1538","targetHints":{"allow":["GET"]}}],"collection":[{"href":"https:\/\/alpnoe.org\/en\/wp-json\/wp\/v2\/pages"}],"about":[{"href":"https:\/\/alpnoe.org\/en\/wp-json\/wp\/v2\/types\/page"}],"author":[{"embeddable":true,"href":"https:\/\/alpnoe.org\/en\/wp-json\/wp\/v2\/users\/1"}],"replies":[{"embeddable":true,"href":"https:\/\/alpnoe.org\/en\/wp-json\/wp\/v2\/comments?post=1538"}],"version-history":[{"count":4,"href":"https:\/\/alpnoe.org\/en\/wp-json\/wp\/v2\/pages\/1538\/revisions"}],"predecessor-version":[{"id":1585,"href":"https:\/\/alpnoe.org\/en\/wp-json\/wp\/v2\/pages\/1538\/revisions\/1585"}],"wp:attachment":[{"href":"https:\/\/alpnoe.org\/en\/wp-json\/wp\/v2\/media?parent=1538"}],"wp:term":[{"taxonomy":"wf_page_folders","embeddable":true,"href":"https:\/\/alpnoe.org\/en\/wp-json\/wp\/v2\/wf_page_folders?post=1538"}],"curies":[{"name":"wp","href":"https:\/\/api.w.org\/{rel}","templated":true}]}}