{"id":1326,"date":"2022-01-08T16:56:42","date_gmt":"2022-01-08T16:56:42","guid":{"rendered":"https:\/\/alpnoe.org\/?page_id=1326"},"modified":"2025-11-29T17:09:14","modified_gmt":"2025-11-29T17:09:14","slug":"education_1","status":"publish","type":"page","link":"https:\/\/alpnoe.org\/en\/education_1","title":{"rendered":"Education"},"content":{"rendered":"\n<p class=\"has-text-color has-medium-font-size\" style=\"color:#cfecff\" data-block-type=\"core\"><u><span style=\"color: var(--stk-global-color-65914, #cfecff);\" class=\"stk-highlight\">Aktueller Kurstermin 1 Stern Kurs:<\/span><\/u><br><\/p>\n\n\n\n<p class=\"has-text-color has-small-font-size\" style=\"color:#cfecff\" data-block-type=\"core\"><strong>Theorie:<\/strong><br><strong>Do 15.05.2025 18:00 bis 20:00 Uhr<br>Fr 16.05.2025 14:00 bis 20:00 Uhr<\/strong><br><strong>Ort: TCI Vereinslokal Innsbruck<br><br>Praxis:<br>Die Pool- und See-Termine werden nach Vereinbarung fixiert (2x 1,5h Pool und 3h am See).<br>Ort: Hallenbad Amras \/ Tivoli, Achensee<\/strong><\/p>\n\n\n\n<p class=\"has-text-color has-small-font-size\" style=\"color:#cfecff\" data-block-type=\"core\"><\/p>\n\n\n\n<div style=\"height:18px\" aria-hidden=\"true\" class=\"wp-block-spacer\" data-block-type=\"core\"><\/div>\n\n\n\n<div class=\"wp-block-columns is-layout-flex wp-container-core-columns-is-layout-9d6595d7 wp-block-columns-is-layout-flex\" data-block-type=\"core\">\n<div class=\"wp-block-column is-layout-flow wp-block-column-is-layout-flow\" data-block-type=\"core\">\n<div class=\"wp-block-file\" data-block-type=\"core\"><a id=\"wp-block-file--media-65e91b43-6768-4c00-8dc5-8dbb952d9677\" href=\"https:\/\/alpnoe.org\/wp-content\/uploads\/2024\/05\/20240422_Ausschreibung-Freitauchkurs-1-und-2-Stern.pdf\" target=\"_blank\" rel=\"noreferrer noopener\"><span style=\"color: var(--stk-global-color-83754, #00eeff);\" class=\"stk-highlight\">20240422_Ausschreibung Freitauchkurs 1 und 2 Stern<\/span><\/a><a href=\"https:\/\/alpnoe.org\/wp-content\/uploads\/2024\/05\/20240422_Ausschreibung-Freitauchkurs-1-und-2-Stern.pdf\" class=\"wp-block-file__button wp-element-button\" download aria-describedby=\"wp-block-file--media-65e91b43-6768-4c00-8dc5-8dbb952d9677\">Herunterladen<\/a><\/div>\n<\/div>\n\n\n\n<div class=\"wp-block-column is-layout-flow wp-block-column-is-layout-flow\" data-block-type=\"core\">\n<div class=\"wp-block-file\" data-block-type=\"core\"><a id=\"wp-block-file--media-1836d4e1-6b76-4223-a926-9f8fc266ffef\" href=\"https:\/\/alpnoe.org\/wp-content\/uploads\/2024\/05\/20240422_Anmeldung-Freitauchkurs.pdf\"><span style=\"color: var(--stk-global-color-83754, #00eeff);\" class=\"stk-highlight\">20240422_Anmeldung Freitauchkurs<\/span><\/a><a href=\"https:\/\/alpnoe.org\/wp-content\/uploads\/2024\/05\/20240422_Anmeldung-Freitauchkurs.pdf\" class=\"wp-block-file__button wp-element-button\" download aria-describedby=\"wp-block-file--media-1836d4e1-6b76-4223-a926-9f8fc266ffef\">Herunterladen<\/a><\/div>\n<\/div>\n<\/div>\n\n\n\n<h2 class=\"wp-block-heading has-medium-font-size\" data-block-type=\"core\"><span style=\"color: var(--stk-global-color-65914, #cfecff);\" class=\"stk-highlight\"><strong>TSV\u00d6\/CMAS 1* Star Free Diver<br>TSV\u00d6\/CMAS 2* Star Free Diver<\/strong><\/span><\/h2>\n\n\n\n<figure class=\"wp-block-table\" data-block-type=\"core\"><table><tbody><tr><td><span style=\"color: var(--stk-global-color-65914, #cfecff);\" class=\"stk-highlight\">&nbsp; <em>In dieser Ausbildung werden theoretische und praktische Freitauchkenntnisse mit besonderem Augenmerk auf Sicherheitstechniken in den Disziplinen Zeittauchen, Streckentauchen und Tieftauchen vermittelt.<\/em> <em>Mit guter Ausbildung und der richtigen Technik sind die gesteckten Ziele leicht zu erreichen.<\/em> <em>&nbsp;<\/em><\/span><\/td><\/tr><\/tbody><\/table><\/figure>\n\n\n\n<p data-block-type=\"core\"><strong><span style=\"color: var(--stk-global-color-65914, #cfecff);\" class=\"stk-highlight\">Voraussetzungen f\u00fcr diesen Kurs:<\/span><\/strong><\/p>\n\n\n\n<div class=\"wp-block-stackable-icon-list stk-block-icon-list stk-block stk-da4e565\" data-block-id=\"da4e565\"><svg style=\"display:none\"><defs><g id=\"stk-icon-list__icon-svg-def-da4e565\"><svg xmlns=\"http:\/\/www.w3.org\/2000\/svg\" viewBox=\"0 0 190 190\"><polygon points=\"173.8,28.4 60.4,141.8 15.7,97.2 5.1,107.8 60.4,163 184.4,39 173.8,28.4\"\/><\/svg><\/g><\/defs><\/svg><ul class=\"stk-block-icon-list__ul stk-block-icon-list--column\">\n<li class=\"wp-block-stackable-icon-list-item stk-block-icon-list-item stk-block stk-599270c\" data-block-id=\"599270c\"><div class=\"stk-block-icon-list-item__content\"><span class=\"stk--svg-wrapper\"><div class=\"stk--inner-svg\"><svg aria-hidden=\"true\" width=\"32\" height=\"32\"><use xlink:href=\"#stk-icon-list__icon-svg-def-da4e565\"><\/use><\/svg><\/div><\/span><span class=\"stk-block-icon-list-item__text\"><span style=\"color: var(--stk-global-color-65914, #cfecff);\" class=\"stk-highlight\">Vollendetes 14. Lebensjahr &nbsp;\/ f\u00fcr 2 Stern Kurs positiv abgeschlossener 1 Stern Kurs<\/span><\/span><\/div><\/li>\n\n\n\n<li class=\"wp-block-stackable-icon-list-item stk-block-icon-list-item stk-block stk-7a27b24\" data-block-id=\"7a27b24\"><div class=\"stk-block-icon-list-item__content\"><span class=\"stk--svg-wrapper\"><div class=\"stk--inner-svg\"><svg aria-hidden=\"true\" width=\"32\" height=\"32\"><use xlink:href=\"#stk-icon-list__icon-svg-def-da4e565\"><\/use><\/svg><\/div><\/span><span class=\"stk-block-icon-list-item__text\"><span style=\"color: var(--stk-global-color-65914, #cfecff);\" class=\"stk-highlight\">G\u00fcltiges \u00e4rztliches Attest betreffend des Nachweises der \u201eTauchtauglichkeit\u201c<\/span><\/span><\/div><\/li>\n\n\n\n<li class=\"wp-block-stackable-icon-list-item stk-block-icon-list-item stk-block stk-c55c6e0\" data-block-id=\"c55c6e0\"><div class=\"stk-block-icon-list-item__content\"><span class=\"stk--svg-wrapper\"><div class=\"stk--inner-svg\"><svg aria-hidden=\"true\" width=\"32\" height=\"32\"><use xlink:href=\"#stk-icon-list__icon-svg-def-da4e565\"><\/use><\/svg><\/div><\/span><span class=\"stk-block-icon-list-item__text\"><span style=\"color: var(--stk-global-color-65914, #cfecff);\" class=\"stk-highlight\">Mitgliedschaft beim TSV\u00d6 f\u00fcr das aktuelle Kalenderjahr bzw. Vereinsmitgliedschaft Alpnoe.org<\/span><\/span><\/div><\/li>\n<\/ul><\/div>\n\n\n\n<div class=\"wp-block-stackable-text stk-block-text stk-block stk-a2fdf2c\" data-block-id=\"a2fdf2c\"><p class=\"stk-block-text__text\"><strong><span style=\"color: var(--stk-global-color-65914, #cfecff);\" class=\"stk-highlight\">Ausbildungsumfang:<\/span><\/strong><\/p><\/div>\n\n\n\n<div class=\"wp-block-columns is-layout-flex wp-container-core-columns-is-layout-9d6595d7 wp-block-columns-is-layout-flex\" data-block-type=\"core\">\n<div class=\"wp-block-column is-layout-flow wp-block-column-is-layout-flow\" data-block-type=\"core\">\n<div class=\"wp-block-stackable-icon-list stk-block-icon-list stk-block stk-670b43d\" data-block-id=\"670b43d\"><svg style=\"display:none\"><defs><g id=\"stk-icon-list__icon-svg-def-670b43d\"><svg xmlns=\"http:\/\/www.w3.org\/2000\/svg\" viewBox=\"0 0 190 190\"><polygon points=\"173.8,28.4 60.4,141.8 15.7,97.2 5.1,107.8 60.4,163 184.4,39 173.8,28.4\"\/><\/svg><\/g><\/defs><\/svg><ul class=\"stk-block-icon-list__ul stk-block-icon-list--column\">\n<li class=\"wp-block-stackable-icon-list-item stk-block-icon-list-item stk-block stk-2ea62ab\" data-block-id=\"2ea62ab\"><div class=\"stk-block-icon-list-item__content\"><span class=\"stk--svg-wrapper\"><div class=\"stk--inner-svg\"><svg aria-hidden=\"true\" width=\"32\" height=\"32\"><use xlink:href=\"#stk-icon-list__icon-svg-def-670b43d\"><\/use><\/svg><\/div><\/span><span class=\"stk-block-icon-list-item__text\"><span style=\"color: var(--stk-global-color-65914, #cfecff);\" class=\"stk-highlight\">Theorieausbildung mit Theoriepr\u00fcfung<\/span><\/span><\/div><\/li>\n\n\n\n<li class=\"wp-block-stackable-icon-list-item stk-block-icon-list-item stk-block stk-e51b862\" data-block-id=\"e51b862\"><div class=\"stk-block-icon-list-item__content\"><span class=\"stk--svg-wrapper\"><div class=\"stk--inner-svg\"><svg aria-hidden=\"true\" width=\"32\" height=\"32\"><use xlink:href=\"#stk-icon-list__icon-svg-def-670b43d\"><\/use><\/svg><\/div><\/span><span class=\"stk-block-icon-list-item__text\"><span style=\"color: var(--stk-global-color-65914, #cfecff);\" class=\"stk-highlight\">Atem- und Entspannungstechniken<\/span><\/span><\/div><\/li>\n\n\n\n<li class=\"wp-block-stackable-icon-list-item stk-block-icon-list-item stk-block stk-3386800\" data-block-id=\"3386800\"><div class=\"stk-block-icon-list-item__content\"><span class=\"stk--svg-wrapper\"><div class=\"stk--inner-svg\"><svg aria-hidden=\"true\" width=\"32\" height=\"32\"><use xlink:href=\"#stk-icon-list__icon-svg-def-670b43d\"><\/use><\/svg><\/div><\/span><span class=\"stk-block-icon-list-item__text\"><span style=\"color: var(--stk-global-color-65914, #cfecff);\" class=\"stk-highlight\">Statische Apnoe (Zeittauchen)<\/span><\/span><\/div><\/li>\n\n\n\n<li class=\"wp-block-stackable-icon-list-item stk-block-icon-list-item stk-block stk-d2b11e6\" data-block-id=\"d2b11e6\"><div class=\"stk-block-icon-list-item__content\"><span class=\"stk--svg-wrapper\"><div class=\"stk--inner-svg\"><svg aria-hidden=\"true\" width=\"32\" height=\"32\"><use xlink:href=\"#stk-icon-list__icon-svg-def-670b43d\"><\/use><\/svg><\/div><\/span><span class=\"stk-block-icon-list-item__text\"><span style=\"color: var(--stk-global-color-65914, #cfecff);\" class=\"stk-highlight\">Streckentauchen (Dynamik)<\/span><\/span><\/div><\/li>\n\n\n\n<li class=\"wp-block-stackable-icon-list-item stk-block-icon-list-item stk-block stk-0cafa79\" data-block-id=\"0cafa79\"><div class=\"stk-block-icon-list-item__content\"><span class=\"stk--svg-wrapper\"><div class=\"stk--inner-svg\"><svg aria-hidden=\"true\" width=\"32\" height=\"32\"><use xlink:href=\"#stk-icon-list__icon-svg-def-670b43d\"><\/use><\/svg><\/div><\/span><span class=\"stk-block-icon-list-item__text\"><span style=\"color: var(--stk-global-color-65914, #cfecff);\" class=\"stk-highlight\">Tauchtechniken, Abtauchtechnik<\/span><\/span><\/div><\/li>\n\n\n\n<li class=\"wp-block-stackable-icon-list-item stk-block-icon-list-item stk-block stk-424123e\" data-block-id=\"424123e\"><div class=\"stk-block-icon-list-item__content\"><span class=\"stk--svg-wrapper\"><div class=\"stk--inner-svg\"><svg aria-hidden=\"true\" width=\"32\" height=\"32\"><use xlink:href=\"#stk-icon-list__icon-svg-def-670b43d\"><\/use><\/svg><\/div><\/span><span class=\"stk-block-icon-list-item__text\"><span style=\"color: var(--stk-global-color-65914, #cfecff);\" class=\"stk-highlight\">Sicherheitstechniken, Tauchgangsplanung<\/span><\/span><\/div><\/li>\n\n\n\n<li class=\"wp-block-stackable-icon-list-item stk-block-icon-list-item stk-block stk-1515ef2\" data-block-id=\"1515ef2\"><div class=\"stk-block-icon-list-item__content\"><span class=\"stk--svg-wrapper\"><div class=\"stk--inner-svg\"><svg aria-hidden=\"true\" width=\"32\" height=\"32\"><use xlink:href=\"#stk-icon-list__icon-svg-def-670b43d\"><\/use><\/svg><\/div><\/span><span class=\"stk-block-icon-list-item__text\"><span style=\"color: var(--stk-global-color-65914, #cfecff);\" class=\"stk-highlight\">Tieftauchen an der Boje<\/span><\/span><\/div><\/li>\n\n\n\n<li class=\"wp-block-stackable-icon-list-item stk-block-icon-list-item stk-block stk-12b3cbf\" data-block-id=\"12b3cbf\"><div class=\"stk-block-icon-list-item__content\"><span class=\"stk--svg-wrapper\"><div class=\"stk--inner-svg\"><svg aria-hidden=\"true\" width=\"32\" height=\"32\"><use xlink:href=\"#stk-icon-list__icon-svg-def-670b43d\"><\/use><\/svg><\/div><\/span><span class=\"stk-block-icon-list-item__text\"><span style=\"color: var(--stk-global-color-65914, #cfecff);\" class=\"stk-highlight\">Bergen und Retten eines Freitauchers<\/span><\/span><\/div><\/li>\n<\/ul><\/div>\n<\/div>\n\n\n\n<div class=\"wp-block-column is-layout-flow wp-block-column-is-layout-flow\" data-block-type=\"core\">\n<figure data-wp-context=\"{&quot;imageId&quot;:&quot;69e2811f88964&quot;}\" data-wp-interactive=\"core\/image\" data-wp-key=\"69e2811f88964\" class=\"wp-block-image size-full is-resized wp-lightbox-container\" data-block-type=\"core\"><img loading=\"lazy\" decoding=\"async\" width=\"565\" height=\"410\" data-wp-class--hide=\"state.isContentHidden\" data-wp-class--show=\"state.isContentVisible\" data-wp-init=\"callbacks.setButtonStyles\" data-wp-on--click=\"actions.showLightbox\" data-wp-on--load=\"callbacks.setButtonStyles\" data-wp-on-window--resize=\"callbacks.setButtonStyles\" src=\"https:\/\/alpnoe.org\/wp-content\/uploads\/2024\/02\/Ausbildung_Apnoetaucher.jpg\" alt=\"\" class=\"wp-image-1365\" style=\"width:256px;height:auto\" srcset=\"https:\/\/alpnoe.org\/wp-content\/uploads\/2024\/02\/Ausbildung_Apnoetaucher.jpg 565w, https:\/\/alpnoe.org\/wp-content\/uploads\/2024\/02\/Ausbildung_Apnoetaucher-300x218.jpg 300w\" sizes=\"auto, (max-width: 565px) 100vw, 565px\" \/><button\n\t\t\tclass=\"lightbox-trigger\"\n\t\t\ttype=\"button\"\n\t\t\taria-haspopup=\"dialog\"\n\t\t\taria-label=\"Enlarge\"\n\t\t\tdata-wp-init=\"callbacks.initTriggerButton\"\n\t\t\tdata-wp-on--click=\"actions.showLightbox\"\n\t\t\tdata-wp-style--right=\"state.imageButtonRight\"\n\t\t\tdata-wp-style--top=\"state.imageButtonTop\"\n\t\t>\n\t\t\t<svg xmlns=\"http:\/\/www.w3.org\/2000\/svg\" width=\"12\" height=\"12\" fill=\"none\" viewBox=\"0 0 12 12\">\n\t\t\t\t<path fill=\"#fff\" d=\"M2 0a2 2 0 0 0-2 2v2h1.5V2a.5.5 0 0 1 .5-.5h2V0H2Zm2 10.5H2a.5.5 0 0 1-.5-.5V8H0v2a2 2 0 0 0 2 2h2v-1.5ZM8 12v-1.5h2a.5.5 0 0 0 .5-.5V8H12v2a2 2 0 0 1-2 2H8Zm2-12a2 2 0 0 1 2 2v2h-1.5V2a.5.5 0 0 0-.5-.5H8V0h2Z\" \/>\n\t\t\t<\/svg>\n\t\t<\/button><\/figure>\n<\/div>\n<\/div>\n\n\n\n<div class=\"wp-block-columns is-layout-flex wp-container-core-columns-is-layout-9d6595d7 wp-block-columns-is-layout-flex\" data-block-type=\"core\">\n<div class=\"wp-block-column is-layout-flow wp-block-column-is-layout-flow\" data-block-type=\"core\">\n<div class=\"wp-block-stackable-text stk-block-text stk-block stk-cde7087\" data-block-id=\"cde7087\"><p class=\"stk-block-text__text\"><strong><span style=\"color: var(--stk-global-color-65914, #cfecff);\" class=\"stk-highlight\">Kursziel Freitauchen*:<\/span><\/strong><\/p><\/div>\n\n\n\n<ul class=\"wp-block-list\" data-block-type=\"core\">\n<li data-block-type=\"core\"><span style=\"color: var(--stk-global-color-65914, #cfecff);\" class=\"stk-highlight\">Statik: 1 min. 30 sec.<\/span><\/li>\n\n\n\n<li data-block-type=\"core\"><span style=\"color: var(--stk-global-color-65914, #cfecff);\" class=\"stk-highlight\">Dynamik: 25m Streckentauchen<\/span><\/li>\n\n\n\n<li data-block-type=\"core\"><span style=\"color: var(--stk-global-color-65914, #cfecff);\" class=\"stk-highlight\">Tieftauchen: 10m (8m &#8211; See)<\/span><\/li>\n\n\n\n<li data-block-type=\"core\"><span style=\"color: var(--stk-global-color-65914, #cfecff);\" class=\"stk-highlight\">Bergen eines Tauchers vom Beckengrund (5m\/4m) und retten zum Beckenrand<\/span><\/li>\n<\/ul>\n<\/div>\n\n\n\n<div class=\"wp-block-column is-layout-flow wp-block-column-is-layout-flow\" data-block-type=\"core\">\n<p data-block-type=\"core\"><strong><span style=\"color: var(--stk-global-color-65914, #cfecff);\" class=\"stk-highlight\"> Kursziel Freitauchen**:<\/span><\/strong><\/p>\n\n\n\n<ul class=\"wp-block-list\" data-block-type=\"core\">\n<li data-block-type=\"core\"><span style=\"color: var(--stk-global-color-65914, #cfecff);\" class=\"stk-highlight\">Statik: 2 min. 30 sec.<\/span><\/li>\n\n\n\n<li data-block-type=\"core\"><span style=\"color: var(--stk-global-color-65914, #cfecff);\" class=\"stk-highlight\">Dynamik: 50m Streckentauchen<\/span><\/li>\n\n\n\n<li data-block-type=\"core\"><span style=\"color: var(--stk-global-color-65914, #cfecff);\" class=\"stk-highlight\">Tieftauchen: 20m (16m &#8211; See)<\/span><\/li>\n\n\n\n<li data-block-type=\"core\"><span style=\"color: var(--stk-global-color-65914, #cfecff);\" class=\"stk-highlight\">Bergen eines Tauchers aus 1\/2 Tauchtiefe (10m\/8m) und 20m retten an der Oberfl\u00e4che<\/span><\/li>\n<\/ul>\n<\/div>\n<\/div>\n\n\n\n<p data-block-type=\"core\"><span style=\"color: var(--stk-global-color-65914, #cfecff);\" class=\"stk-highlight\">Die InhaberInnen des CMAS- Free Diver\/TSV\u00d6-Freitauchen Brevets besitzen freitauchtheoretische Grundkenntnisse und sind ausgebildet zum Freitauchen in den Disziplinen Zeittauchen (Statik), Streckentauchen (Dynamik) und Tieftauchen lt. Brevetstufe<\/span><\/p>\n\n\n\n<p data-block-type=\"core\"><strong><span style=\"color: var(--stk-global-color-65914, #cfecff);\" class=\"stk-highlight\">Kurstermine:&nbsp;&nbsp;&nbsp;&nbsp;&nbsp;&nbsp;&nbsp;&nbsp; lt. Ausschreibung<\/span><\/strong><\/p>\n\n\n\n<div class=\"wp-block-columns is-layout-flex wp-container-core-columns-is-layout-9d6595d7 wp-block-columns-is-layout-flex\" data-block-type=\"core\">\n<div class=\"wp-block-column is-layout-flow wp-block-column-is-layout-flow\" style=\"flex-basis:33.33%\" data-block-type=\"core\">\n<div class=\"wp-block-stackable-text stk-block-text stk-block stk-2ceb214\" data-block-id=\"2ceb214\"><p class=\"stk-block-text__text\"><span style=\"color: var(--stk-global-color-65914, #cfecff);\" class=\"stk-highlight\"><strong>Kursorte Theorie:<\/strong><\/span><\/p><\/div>\n<\/div>\n\n\n\n<div class=\"wp-block-column is-layout-flow wp-block-column-is-layout-flow\" style=\"flex-basis:66.66%\" data-block-type=\"core\">\n<p data-block-type=\"core\"><span style=\"color: var(--stk-global-color-65914, #cfecff);\" class=\"stk-highlight\">Innsbruck TCI-Lokal, Leitgebschule Pradl<\/span><\/p>\n<\/div>\n<\/div>\n\n\n\n<div class=\"wp-block-columns is-layout-flex wp-container-core-columns-is-layout-9d6595d7 wp-block-columns-is-layout-flex\" data-block-type=\"core\">\n<div class=\"wp-block-column is-layout-flow wp-block-column-is-layout-flow\" style=\"flex-basis:33.33%\" data-block-type=\"core\">\n<div class=\"wp-block-stackable-text stk-block-text stk-block stk-5b53cfe\" data-block-id=\"5b53cfe\"><p class=\"stk-block-text__text\"><span style=\"color: var(--stk-global-color-65914, #cfecff);\" class=\"stk-highlight\"><strong>Kursorte Praxis:<\/strong><\/span><\/p><\/div>\n<\/div>\n\n\n\n<div class=\"wp-block-column is-layout-flow wp-block-column-is-layout-flow\" style=\"flex-basis:66.66%\" data-block-type=\"core\">\n<p data-block-type=\"core\"><span style=\"color: var(--stk-global-color-65914, #cfecff);\" class=\"stk-highlight\"><span style=\"color: var(--stk-global-color-65914, #cfecff);\" class=\"stk-highlight\"><span style=\"color: var(--stk-global-color-65914, #cfecff);\" class=\"stk-highlight\">Hofer Stubn Kolsassberg (Theorie, Pool 1)<\/span><\/span><br><span style=\"color: var(--stk-global-color-65914, #cfecff);\" class=\"stk-highlight\">Innsbruck, Hallenbad Amras (Theorie, Pool 2)<\/span><br><span style=\"color: var(--stk-global-color-65914, #cfecff);\" class=\"stk-highlight\">Innsbruck, Hallenbad Landessportzentrum Pool 3)<\/span><br><span style=\"color: var(--stk-global-color-65914, #cfecff);\" class=\"stk-highlight\">Achensee, Schwarzenau (Tieftauchen im See)<\/span><\/span><\/p>\n<\/div>\n<\/div>\n\n\n\n<p data-block-type=\"core\"><span style=\"color: var(--stk-global-color-65914, #cfecff);\" class=\"stk-highlight\"><strong>Mitzubringen:<\/strong>&nbsp;&nbsp;&nbsp;&nbsp;&nbsp;&nbsp; Neoprenanzug mit Kopfhaube, Neopren Handschuhe, Neoprensocken, ABC-Ausr\u00fcstung, elastischer Bleigurt (Gummi), Matte oder Decke f\u00fcr Atem\u00fcbungen, bequeme Kleidung<\/span><\/p>\n\n\n\n<p data-block-type=\"core\"><span style=\"color: var(--stk-global-color-65914, #cfecff);\" class=\"stk-highlight\">Bei der richtigen Wahl und Organisation der Ausr\u00fcstung sind wir im Kurs bzw. im Vorfeld auch gerne behilflich.<\/span><\/p>\n\n\n\n<p data-block-type=\"core\"><span style=\"color: var(--stk-global-color-65914, #cfecff);\" class=\"stk-highlight\"><strong>Kurskosten:<\/strong>&nbsp;&nbsp;&nbsp;&nbsp;&nbsp;&nbsp;&nbsp;&nbsp;&nbsp;&nbsp; <strong>\u20ac&nbsp; 320,&#8211;&nbsp;&nbsp; <\/strong>f\u00fcr TSV\u00d6 Mitglieder bei Anmeldung, inkl. Brevetierung, Lehrunterlage<br><\/span><strong><span style=\"color: var(--stk-global-color-65914, #cfecff);\" class=\"stk-highlight\">Die Einmalige Anmeldegeb\u00fchr von \u20ac100 beim Vereinsbeitritt wird f\u00fcr Alpnoemitglieder angerechnet und beim Kurs Gutgeschrieben<\/span><\/strong><\/p>\n\n\n\n<p data-block-type=\"core\"><span style=\"color: var(--stk-global-color-65914, #cfecff);\" class=\"stk-highlight\"><strong>Kursleitung:<\/strong>&nbsp;&nbsp;&nbsp;&nbsp;&nbsp;&nbsp;&nbsp;&nbsp;&nbsp;&nbsp; <strong>Thomas Oberhuber &nbsp;&nbsp;&nbsp;&nbsp;<\/strong>&nbsp;0650 \/ 4185013&nbsp;&nbsp;&nbsp;&nbsp;&nbsp;&nbsp;&nbsp; Mail: tom.oberhuber@outlook.com<\/span><\/p>\n\n\n\n<p class=\"has-text-color has-medium-font-size\" style=\"color:#cfecff\" data-block-type=\"core\"><span style=\"color: var(--stk-global-color-65914, #cfecff);\" class=\"stk-highlight\"><strong>Mindestteilnehmerzahl:<\/strong> &nbsp;2 &#8211; max. 6;&nbsp;&nbsp;&nbsp;&nbsp;&nbsp;&nbsp;&nbsp;&nbsp;&nbsp;&nbsp;&nbsp;&nbsp;&nbsp;&nbsp;&nbsp; <strong>Anmeldeschluss:<\/strong> <strong>lt. Ausschreibung<\/strong><\/span><\/p>\n","protected":false},"excerpt":{"rendered":"<p>Aktueller Kurstermin 1 Stern Kurs: Theorie:Do 15.05.2025 18:00 bis 20:00 UhrFr 16.05.2025 14:00 bis 20:00 UhrOrt: TCI Vereinslokal Innsbruck Praxis:Die Pool- und See-Termine werden nach Vereinbarung fixiert (2x 1,5h Pool &hellip; <a href=\"https:\/\/alpnoe.org\/en\/education_1\" class=\"more-link\">Continue reading <span class=\"screen-reader-text\">Education<\/span><\/a><\/p>\n","protected":false},"author":1,"featured_media":0,"parent":0,"menu_order":0,"comment_status":"closed","ping_status":"closed","template":"full-width-page.php","meta":{"footnotes":""},"wf_page_folders":[22],"class_list":["post-1326","page","type-page","status-publish","hentry"],"translation":{"provider":"WPGlobus","version":"3.0.2","language":"en","enabled_languages":["de","en"],"languages":{"de":{"title":true,"content":true,"excerpt":false},"en":{"title":true,"content":true,"excerpt":false}}},"_links":{"self":[{"href":"https:\/\/alpnoe.org\/en\/wp-json\/wp\/v2\/pages\/1326","targetHints":{"allow":["GET"]}}],"collection":[{"href":"https:\/\/alpnoe.org\/en\/wp-json\/wp\/v2\/pages"}],"about":[{"href":"https:\/\/alpnoe.org\/en\/wp-json\/wp\/v2\/types\/page"}],"author":[{"embeddable":true,"href":"https:\/\/alpnoe.org\/en\/wp-json\/wp\/v2\/users\/1"}],"replies":[{"embeddable":true,"href":"https:\/\/alpnoe.org\/en\/wp-json\/wp\/v2\/comments?post=1326"}],"version-history":[{"count":76,"href":"https:\/\/alpnoe.org\/en\/wp-json\/wp\/v2\/pages\/1326\/revisions"}],"predecessor-version":[{"id":1589,"href":"https:\/\/alpnoe.org\/en\/wp-json\/wp\/v2\/pages\/1326\/revisions\/1589"}],"wp:attachment":[{"href":"https:\/\/alpnoe.org\/en\/wp-json\/wp\/v2\/media?parent=1326"}],"wp:term":[{"taxonomy":"wf_page_folders","embeddable":true,"href":"https:\/\/alpnoe.org\/en\/wp-json\/wp\/v2\/wf_page_folders?post=1326"}],"curies":[{"name":"wp","href":"https:\/\/api.w.org\/{rel}","templated":true}]}}